{"id":16,"date":"2022-08-01T09:02:50","date_gmt":"2022-08-01T07:02:50","guid":{"rendered":"https:\/\/exf.es\/?page_id=16"},"modified":"2022-12-09T12:49:08","modified_gmt":"2022-12-09T11:49:08","slug":"nuestras-experiencias","status":"publish","type":"page","link":"https:\/\/exf.es\/en\/nuestras-experiencias\/","title":{"rendered":"Nuestras experiencias"},"content":{"rendered":"<p>[et_pb_section fb_built=\u00bb1&#8243; module_class=\u00bbcontenedor-site\u00bb _builder_version=\u00bb4.17.6&#8243; _module_preset=\u00bbdefault\u00bb background_color=\u00bb#000000&#8243; global_colors_info=\u00bb{}\u00bb][et_pb_row _builder_version=\u00bb4.17.6&#8243; _module_preset=\u00bbdefault\u00bb global_colors_info=\u00bb{}\u00bb][et_pb_column type=\u00bb4_4&#8243; _builder_version=\u00bb4.17.6&#8243; _module_preset=\u00bbdefault\u00bb global_colors_info=\u00bb{}\u00bb][et_pb_text module_id=\u00bbintro-nuestras-experiencias\u00bb _builder_version=\u00bb4.17.6&#8243; _module_preset=\u00bbdefault\u00bb global_colors_info=\u00bb{}\u00bb]<\/p>\n<h1>Explora todas las experiencias<\/h1>\n<p>Transforma tu espacio en una zona de actividad interactiva. Una zona de juegos de realidad virtual es la idea perfecta para tu evento o fiesta particular. Nos especializamos en juegos de entretenimiento y ofrecemos las mejores y m\u00e1s divertidas experiencias.<\/p>\n<p>[\/et_pb_text][\/et_pb_column][\/et_pb_row][et_pb_row column_structure=\u00bb1_3,1_3,1_3&#8243; _builder_version=\u00bb4.17.6&#8243; _module_preset=\u00bbdefault\u00bb global_colors_info=\u00bb{}\u00bb][et_pb_column type=\u00bb1_3&#8243; _builder_version=\u00bb4.17.6&#8243; _module_preset=\u00bbdefault\u00bb global_colors_info=\u00bb{}\u00bb][et_pb_image src=\u00bbhttps:\/\/exf.es\/wp-content\/uploads\/2022\/08\/diversion.svg\u00bb alt=\u00bbDiversi\u00f3n\u00bb title_text=\u00bbDiversi\u00f3n\u00bb align=\u00bbcenter\u00bb _builder_version=\u00bb4.17.6&#8243; _module_preset=\u00bbdefault\u00bb global_colors_info=\u00bb{}\u00bb][\/et_pb_image][et_pb_text _builder_version=\u00bb4.17.6&#8243; _module_preset=\u00bbdefault\u00bb global_colors_info=\u00bb{}\u00bb]<\/p>\n<h5 style=\"text-align: center;\">Diversi\u00f3n<\/h5>\n<p style=\"text-align: center;\">Frente a otras propuestas convencionales, las experiencias interctivas en RV divierten a la audiencia mientras promocionas tus productos y servicios.<\/p>\n<p>[\/et_pb_text][\/et_pb_column][et_pb_column type=\u00bb1_3&#8243; _builder_version=\u00bb4.17.6&#8243; _module_preset=\u00bbdefault\u00bb global_colors_info=\u00bb{}\u00bb][et_pb_image src=\u00bbhttps:\/\/exf.es\/wp-content\/uploads\/2022\/08\/efecto-llamada.svg\u00bb alt=\u00bbEfecto LLamada\u00bb title_text=\u00bbEfecto LLamada\u00bb align=\u00bbcenter\u00bb _builder_version=\u00bb4.17.6&#8243; _module_preset=\u00bbdefault\u00bb global_colors_info=\u00bb{}\u00bb][\/et_pb_image][et_pb_text _builder_version=\u00bb4.17.6&#8243; _module_preset=\u00bbdefault\u00bb global_colors_info=\u00bb{}\u00bb]<\/p>\n<h5 style=\"text-align: center;\">Efecto llamada<\/h5>\n<p style=\"text-align: center;\">Por su espectacularidad, las experiencias de RV llaman la atenci\u00f3n de los asistentes a cualquier evento, lo que aumenta considerablemente la asistencia.<\/p>\n<p>[\/et_pb_text][\/et_pb_column][et_pb_column type=\u00bb1_3&#8243; _builder_version=\u00bb4.17.6&#8243; _module_preset=\u00bbdefault\u00bb global_colors_info=\u00bb{}\u00bb][et_pb_image src=\u00bbhttps:\/\/exf.es\/wp-content\/uploads\/2022\/08\/efectividad.svg\u00bb alt=\u00bbEfectividad\u00bb title_text=\u00bbEfectividad\u00bb align=\u00bbcenter\u00bb _builder_version=\u00bb4.17.6&#8243; _module_preset=\u00bbdefault\u00bb global_colors_info=\u00bb{}\u00bb][\/et_pb_image][et_pb_text _builder_version=\u00bb4.17.6&#8243; _module_preset=\u00bbdefault\u00bb global_colors_info=\u00bb{}\u00bb]<\/p>\n<h5 style=\"text-align: center;\">Efectividad<\/h5>\n<p style=\"text-align: center;\">Al tratarse de experiencias que hacen part\u00edcipe al usuario, los contenidos de RV fomentan el recuerdo en el p\u00fablico. Esto es muy valioso porque se traduce en posteriores ventas.<\/p>\n<p>[\/et_pb_text][\/et_pb_column][\/et_pb_row][et_pb_row module_id=\u00bbsliders-experiencias\u00bb _builder_version=\u00bb4.17.6&#8243; _module_preset=\u00bbdefault\u00bb width=\u00bb90%\u00bb max_width=\u00bb100%\u00bb global_colors_info=\u00bb{}\u00bb][et_pb_column type=\u00bb4_4&#8243; _builder_version=\u00bb4.17.6&#8243; _module_preset=\u00bbdefault\u00bb global_colors_info=\u00bb{}\u00bb][et_pb_text admin_label=\u00bbSliders\u00bb _builder_version=\u00bb4.17.6&#8243; _module_preset=\u00bbdefault\u00bb global_colors_info=\u00bb{}\u00bb]<\/p>\n    <div class=\"parafina-sliders3d\">\n        <section class=\"container-parafina-sliders3d listas-sliders3d\">\n            <span class=\"slider-btn btn-slider-left btn-slider-left3d\"><img decoding=\"async\" src=\"https:\/\/exf.es\/wp-content\/plugins\/parafina-sliders3d\/imgs\/arrow.svg\"><\/span>\n            <span class=\"slider-btn btn-slider-right btn-slider-right3d\"><img decoding=\"async\" src=\"https:\/\/exf.es\/wp-content\/plugins\/parafina-sliders3d\/imgs\/arrow.svg\"><\/span>\n\n            <div id=\"box\">\n\n                \n                        <article class=\"slider_perspectiva\" style=\"display:none;\">\n                            <div class=\"foto_perspectiva-visor\">\n\n                                <img decoding=\"async\" class=\"rejilla\" src=\"\/wp-content\/uploads\/2022\/08\/rejilla-cuadrada.png\" \/>\n                                <img decoding=\"async\" style=\"display:none;\" class=\"foto_perspectiva\" src=\"https:\/\/exf.es\/wp-content\/uploads\/2023\/01\/experiencia-inmersiva.jpg\" \/>\n\n                            <\/div>\n\n                            <div class=\"info-pespectiva\">\n\n                                <div class=\"slider_body\">\n                                    <h2>Inmersivas a medida<\/h2>\n\n                                    <p>Ofrecemos la posibilidad de desarrollar experiencias personalizados a medida.<\/p>\n<p>Crear escenarios virtuales, entornos interactivos, fotogrametr\u00eda de objetos o reales para insertarlos en entornos virtuales, escenarios son algunas de las funciones que trabajamos con esta tecnolog\u00eda.<\/p>\n<p>Experimenta en primera persona un mundo inmersivo.<\/p>\n<p>Acerca tus productos y servicios a un p\u00fablico de una manera diferente: un lugar, un establecimiento, un trabajo.<\/p>\n                                <\/div>\n\n                                <a class=\"btn btn-secondary\" href=\"\/contacto\/?exf=1\">\n                                    Reservar Ahora\n                                <\/a>\n\n                            <\/div>\n                        <\/article>\n\n                \n                        <article class=\"slider_perspectiva\" style=\"display:none;\">\n                            <div class=\"foto_perspectiva-visor\">\n\n                                <img decoding=\"async\" class=\"rejilla\" src=\"\/wp-content\/uploads\/2022\/08\/rejilla-cuadrada.png\" \/>\n                                <img decoding=\"async\" style=\"display:none;\" class=\"foto_perspectiva\" src=\"https:\/\/exf.es\/wp-content\/uploads\/2022\/08\/centros-comerciales.jpg\" \/>\n\n                            <\/div>\n\n                            <div class=\"info-pespectiva\">\n\n                                <div class=\"slider_body\">\n                                    <h2>Centros Comerciales<\/h2>\n\n                                    <p>\u00a1El entretenimiento VR es una actividad favorita para los ni\u00f1os! Podemos transformar cualquier espacio para eventos (grande o peque\u00f1o) en una sala de juegos emergente.<\/p>\n<ul>\n<li>Extraordinario reclamo comercial<\/li>\n<li>Estimula flujos de audiencia en \u00e1reas con poco tr\u00e1nsito<\/li>\n<li>Lanzamientos de producto en corners<\/li>\n<li>Juegos tem\u00e1ticos infantiles para \u00e9pocas estacionales<\/li>\n<li>Torneos por equipos patrocinados por marcas<\/li>\n<\/ul>\n                                <\/div>\n\n                                <a class=\"btn btn-secondary\" href=\"\/contacto\/?exf=2\">\n                                    Reservar Ahora\n                                <\/a>\n\n                            <\/div>\n                        <\/article>\n\n                \n                        <article class=\"slider_perspectiva\" style=\"display:none;\">\n                            <div class=\"foto_perspectiva-visor\">\n\n                                <img decoding=\"async\" class=\"rejilla\" src=\"\/wp-content\/uploads\/2022\/08\/rejilla-cuadrada.png\" \/>\n                                <img decoding=\"async\" style=\"display:none;\" class=\"foto_perspectiva\" src=\"https:\/\/exf.es\/wp-content\/uploads\/2022\/08\/eventos.jpeg\" \/>\n\n                            <\/div>\n\n                            <div class=\"info-pespectiva\">\n\n                                <div class=\"slider_body\">\n                                    <h2>Eventos<\/h2>\n\n                                    <p>Sorprenda a sus invitados con experiencias inmersivas de realidad virtual. \u00a1Es divertido para cualquier edad!<\/p>\n<ul>\n<li>Dise\u00f1a tu propio metaverso inmersivo<\/li>\n<li>Despierta el inter\u00e9s a trav\u00e9s de la tecnolog\u00eda<\/li>\n<li>Ofrece experiencias que generen efecto \u201cwow\u201d<\/li>\n<li>Convierte a tus invitados en protagonistas<\/li>\n<li>Muestra tus productos de forma visual<\/li>\n<\/ul>\n                                <\/div>\n\n                                <a class=\"btn btn-secondary\" href=\"\/contacto\/?exf=3\">\n                                    Reservar Ahora\n                                <\/a>\n\n                            <\/div>\n                        <\/article>\n\n                \n                        <article class=\"slider_perspectiva\" style=\"display:none;\">\n                            <div class=\"foto_perspectiva-visor\">\n\n                                <img decoding=\"async\" class=\"rejilla\" src=\"\/wp-content\/uploads\/2022\/08\/rejilla-cuadrada.png\" \/>\n                                <img decoding=\"async\" style=\"display:none;\" class=\"foto_perspectiva\" src=\"https:\/\/exf.es\/wp-content\/uploads\/2022\/08\/fiestas-de-cumpleanos.jpg\" \/>\n\n                            <\/div>\n\n                            <div class=\"info-pespectiva\">\n\n                                <div class=\"slider_body\">\n                                    <h2>Cumplea\u00f1os<\/h2>\n\n                                    <p>Celebra tu primer cumplea\u00f1os en otra realidad paralela. Reserva tu espacio privado que quieras o lo gestionamos nosotros por ti.<\/p>\n<ul>\n<li>M\u00e1xima diversi\u00f3n garantizada<\/li>\n<li>Cumplea\u00f1os, celebraciones y aniversarios saludables<\/li>\n<li>Diferentes packs de juegos y accesorios disponibles<\/li>\n<li>Catering personalizado<\/li>\n<li>Introducci\u00f3n a la nueva tecnolog\u00eda para los m\u00e1s peque\u00f1os<\/li>\n<\/ul>\n                                <\/div>\n\n                                <a class=\"btn btn-secondary\" href=\"\/contacto\/?exf=4\">\n                                    Reservar Ahora\n                                <\/a>\n\n                            <\/div>\n                        <\/article>\n\n                \n                        <article class=\"slider_perspectiva\" style=\"display:none;\">\n                            <div class=\"foto_perspectiva-visor\">\n\n                                <img decoding=\"async\" class=\"rejilla\" src=\"\/wp-content\/uploads\/2022\/08\/rejilla-cuadrada.png\" \/>\n                                <img decoding=\"async\" style=\"display:none;\" class=\"foto_perspectiva\" src=\"https:\/\/exf.es\/wp-content\/uploads\/2022\/08\/team-building.jpg\" \/>\n\n                            <\/div>\n\n                            <div class=\"info-pespectiva\">\n\n                                <div class=\"slider_body\">\n                                    <h2>Team Building<\/h2>\n\n                                    <p>Trabajen juntos para resolver acertijos incre\u00edbles en realidad virtual. \u00a1Juega y compite en equipos de hasta 10 jugadores!<\/p>\n<ul>\n<li>Escape Rooms Virtuales personalizados<\/li>\n<li>Soluciones innovadoras y creativas para eventos corporativos<\/li>\n<li>Fomento el clima laboral y el esp\u00edritu de equipo<\/li>\n<li>Actividades virtuales para RSC<\/li>\n<li>Torneos por equipos<\/li>\n<\/ul>\n                                <\/div>\n\n                                <a class=\"btn btn-secondary\" href=\"\/contacto\/?exf=5\">\n                                    Reservar Ahora\n                                <\/a>\n\n                            <\/div>\n                        <\/article>\n\n                            <\/div>\n        <\/section>\n        <div class=\"indicadores-slider3d\">\n                            <span data-slider=\"0\" class=\"item-slider nav-slider\"><\/span>\n                            <span data-slider=\"1\" class=\"item-slider nav-slider\"><\/span>\n                            <span data-slider=\"2\" class=\"item-slider nav-slider\"><\/span>\n                            <span data-slider=\"3\" class=\"item-slider nav-slider\"><\/span>\n                            <span data-slider=\"4\" class=\"item-slider nav-slider\"><\/span>\n                    <\/div>\n\n    <\/div>\n\n    <script>\n        parafina_slider_3d = true;\n    <\/script>\n\n\n<p>[\/et_pb_text][\/et_pb_column][\/et_pb_row][\/et_pb_section]<\/p>\n","protected":false},"excerpt":{"rendered":"<p>[et_pb_section fb_built=\u00bb1&#8243; module_class=\u00bbcontenedor-site\u00bb _builder_version=\u00bb4.17.6&#8243; _module_preset=\u00bbdefault\u00bb background_color=\u00bb#000000&#8243; global_colors_info=\u00bb{}\u00bb][et_pb_row _builder_version=\u00bb4.17.6&#8243; _module_preset=\u00bbdefault\u00bb global_colors_info=\u00bb{}\u00bb][et_pb_column type=\u00bb4_4&#8243; _builder_version=\u00bb4.17.6&#8243; _module_preset=\u00bbdefault\u00bb global_colors_info=\u00bb{}\u00bb][et_pb_text module_id=\u00bbintro-nuestras-experiencias\u00bb _builder_version=\u00bb4.17.6&#8243; _module_preset=\u00bbdefault\u00bb global_colors_info=\u00bb{}\u00bb] Explora todas las experiencias Transforma tu espacio en una zona de actividad interactiva. Una zona de juegos de realidad virtual es la idea perfecta para tu evento o fiesta particular. Nos especializamos en juegos de entretenimiento y [&hellip;]<\/p>\n","protected":false},"author":2,"featured_media":0,"parent":0,"menu_order":0,"comment_status":"closed","ping_status":"closed","template":"","meta":{"_et_pb_use_builder":"on","_et_pb_old_content":"<!-- wp:divi\/placeholder \/-->","_et_gb_content_width":"","inline_featured_image":false,"_joinchat":[],"footnotes":""},"class_list":["post-16","page","type-page","status-publish","hentry"],"jetpack_sharing_enabled":true,"_links":{"self":[{"href":"https:\/\/exf.es\/en\/wp-json\/wp\/v2\/pages\/16","targetHints":{"allow":["GET"]}}],"collection":[{"href":"https:\/\/exf.es\/en\/wp-json\/wp\/v2\/pages"}],"about":[{"href":"https:\/\/exf.es\/en\/wp-json\/wp\/v2\/types\/page"}],"author":[{"embeddable":true,"href":"https:\/\/exf.es\/en\/wp-json\/wp\/v2\/users\/2"}],"replies":[{"embeddable":true,"href":"https:\/\/exf.es\/en\/wp-json\/wp\/v2\/comments?post=16"}],"version-history":[{"count":20,"href":"https:\/\/exf.es\/en\/wp-json\/wp\/v2\/pages\/16\/revisions"}],"predecessor-version":[{"id":668,"href":"https:\/\/exf.es\/en\/wp-json\/wp\/v2\/pages\/16\/revisions\/668"}],"wp:attachment":[{"href":"https:\/\/exf.es\/en\/wp-json\/wp\/v2\/media?parent=16"}],"curies":[{"name":"wp","href":"https:\/\/api.w.org\/{rel}","templated":true}]}}