{"id":3,"date":"2022-07-29T12:20:23","date_gmt":"2022-07-29T12:20:23","guid":{"rendered":"https:\/\/exf.es\/?page_id=3"},"modified":"2022-12-12T13:18:10","modified_gmt":"2022-12-12T12:18:10","slug":"aviso-legal","status":"publish","type":"page","link":"https:\/\/exf.es\/en\/aviso-legal\/","title":{"rendered":"Legal Notice"},"content":{"rendered":"<p>This Legal Notice regulates the access, navigation, and use of the website www.experiencefactory.es, hereinafter \"the Web\", whose ownership corresponds to Atr3zzo for Events, S.L. (hereinafter \"EXF\"), with CIF B87849824, registered office at C\/Francisco Gerv\u00e1s 11, 28020 (MADRID), and registered in C\/Francisco Gerv\u00e1s 11, 28020 (MADRID).<\/p>\n\n\n\n<p>If you wish to contact EXF you can do so through the contact section of this website, in writing at the address provided above, or if you prefer, through the email address info@experiencefactory.es.<\/p>\n\n\n\n<p>The access and use of the Web give you the status of User, which implies adherence to this Legal Notice in the version published at the time you access it. If you do not agree with it, you should refrain from accessing the Web or using the services provided through it.<\/p>\n\n\n\n<p>This Legal Notice is governed by the principles of legality and good faith, committing the User to use the Web, as well as the information or services provided, under the law, morality, good customs, and public order. The unauthorized use of the information contained in this Web, its resale, as well as the transfer of third-party rights, will give rise to the legally established responsibilities.<\/p>\n\n\n\n<p>EXF reserves the right to modify, at any time and without prior notice, the presentation and configuration of the Website, as well as its Legal Notice. Therefore, EXF recommends the User read this Legal Notice carefully each time he\/she accesses the Website.<\/p>\n\n\n\n<p>Access to certain Content, Products and\/or Services offered through the Web may be subject to certain specific conditions that, depending on the case, replace, complete and\/or modify this Legal Notice. Therefore, prior to accessing and\/or using such Content, Products and\/or Services, the User must also carefully read the corresponding specific conditions. In the event of any discrepancy between the provisions of this Legal Notice and the particular conditions of each specific service, the provisions of the latter shall prevail.<\/p>\n\n\n\n<p>EXF is not responsible for the misuse or misappropriation of the contents or information published on the Web. The user acknowledges and agrees that all information and\/or content accessed through the Web is for his sole and exclusive personal and non-transferable use. The transfer to third parties of any type and form of all or part of the information and\/or contents to which the user may have access through the Web is prohibited.<\/p>\n\n\n\n<h2 class=\"wp-block-heading\">Intellectual and Industrial Property Rights<\/h2>\n\n\n\n<p>EXF is the sole and exclusive owner of the intellectual and industrial property rights over the trademarks, images, texts, designs, animations, programming, and design of the Website or any other content or elements of the same, or, where appropriate, has the necessary permissions or licenses for its use. The User acknowledges and accepts that the access and\/or downloading of any content and\/or element that is available to him\/her through the Website is for his\/her personal and non-transferable use. Any act of reproduction, distribution, public communication, making available, or transformation, as well as any other form of exploitation of all or part of such content or elements, made in any form or by any means, shall require the prior written consent of EXF, or where appropriate, of its owner.<\/p>\n\n\n\n<p>Likewise, all the distinctive signs that appear on the website are either owned by EXF or have the corresponding licenses and are duly registered, being prohibited from their reproduction or distribution by any means, without the due, prior, and express authorization of their owner.<\/p>\n\n\n\n<p>Access to and browsing of the Website shall in no case be understood as a waiver, transmission, license, or total or partial transfer of the aforementioned rights by EXF or, where appropriate, by the holder of the corresponding rights.<\/p>\n\n\n\n<h2 class=\"wp-block-heading\">Links<\/h2>\n\n\n\n<p>The Website may include hyperlinks to other websites or resources operated by parties other than EXF, including advertisers. EXF has not reviewed all of the websites linked to this Website and is not responsible for the content or accuracy of such external websites or resources or the availability of such external websites or resources; and does not endorse and is not responsible or liable, directly or indirectly, for the privacy practices or the content of such websites, including (without limitation) any advertising, products or other materials or services on the website or available from such websites or resources, or for any damage, loss or infringement caused or alleged to be caused by or in connection with the use of or reliance on any such content, goods or services available from such external websites or resources.<\/p>\n\n\n\n<h2 class=\"wp-block-heading\">Exemption from liability<\/h2>\n\n\n\n<p>EXF has adopted the necessary measures to ensure the correct functioning of the Website. However, EXF shall not be liable for the lack of availability of the Website at any given time, whether due to technical causes, system maintenance tasks, interferences, interruptions of the Internet service providers or any other cause or failures that may occur in the access, functioning and operability of the Website, as well as interruptions, suspensions or malfunctioning of the same due to causes beyond EXF's control.<\/p>\n\n\n\n<p>EXF excludes any liability for damages of any kind that may be due to the lack of availability or continuity of the operation of the Web, to the disappointment of the utility that Users may have attributed to the Web, to the fallibility of the Web, and in particular, but not exclusively, to failures in access to the different pages of the Web or those from which the service is provided.<\/p>\n\n\n\n<p>EXF does not control or guarantee the absence of viruses or other elements in the Contents that may cause alterations in your computer system (software and hardware) or the electronic documents and files stored in your computer system.<\/p>\n\n\n\n<p>EXF excludes any liability for damages of any kind that may be due to the presence of viruses or the presence of other elements in the contents that may cause alterations in the computer system, electronic documents, or files of the Users.<\/p>\n\n\n\n<p>EXF does not guarantee that the content of the Website is updated, complete and accurate or that the content does not contain defects, errors, and\/or viruses. In no event shall EXF be liable for the production of any type of damage that Users or third parties may cause on the Website.<\/p>\n\n\n\n<p>EXF is not responsible for the contents nor the veracity and\/or quality of the information provided by those responsible for the studies in their conclusions, their collaborators, clients, and\/or users, nor for the effectiveness and\/or use made by such collaborators, clients and\/or users of the Website and the information contained therein. EXF is not responsible for the contributions, opinions, judgments, comments, or content that may be provided by its collaborators, clients, and\/or users through any of the mechanisms made available, such as social networks, which violate current regulations and\/or infringe the rights of third parties, nor does it necessarily share the opinions and content provided by its collaborators, clients and\/or users. The legal responsibility will correspond to the collaborator, client, and\/or user who carries out the infringement.<\/p>\n\n\n\n<p>EXF excludes, to the full extent permitted by law, any liability for damages of any kind that may be due to access to the Website by unauthorized persons, to the knowledge that unauthorized third parties may have of the type, conditions, characteristics, and circumstances of the use that Users make of the Website; to the transmission, dissemination, storage, availability, reception, obtaining or access to the contents, and in particular, but not exclusively, for damages that may be due to:<\/p>\n\n\n\n<p>(I) non-compliance with the law, morality, and generally accepted good customs or public order as a result of the transmission, dissemination, storage, availability, reception, obtaining, or access to the Web and its contents;<\/p>\n\n\n\n<p>(II) the infringement of intellectual and industrial property rights, of business secrets, of contractual commitments of any kind, of the rights to honor, to personal and family privacy and the image of persons, of property rights, and of any other nature belonging to a third party as a consequence of the transmission, dissemination, storage, availability, reception, obtaining or access to the Web and its contents;<\/p>\n\n\n\n<p>(III) la realizaci\u00f3n de actos de competencia desleal y publicidad il\u00edcita como consecuencia de la transmisi\u00f3n, difusi\u00f3n, almacenamiento, puesta a disposici\u00f3n, recepci\u00f3n, obtenci\u00f3n o acceso a la Web y sus contenidos;<\/p>\n\n\n\n<p>(IV) la falta de veracidad, exactitud, exhaustividad, pertinencia y\/o actualidad de la Web y sus contenidos;<\/p>\n\n\n\n<p>(V) the unsuitability for any kind of purpose and the disappointment of the expectations generated by the Web and its contents;<\/p>\n\n\n\n<p>(VI) the non-fulfillment, delay in the fulfillment, defective fulfillment, or termination for any cause of the obligations contracted by third parties and contracts made with third parties through or in connection with the access to the Web and its contents;<\/p>\n\n\n\n<p>(VII) vices and defects of any kind of content transmitted, disseminated, stored, stored, made available or otherwise transmitted or made available, received, obtained, or accessed through the Web.<\/p>\n\n\n\n<h2 class=\"wp-block-heading\">Applicable Law and Jurisdiction:<\/h2>\n\n\n\n<p>This Legal Notice is governed by Spanish law. Unless the applicable law mandatorily provides otherwise, the parties agree to submit to the Courts and Tribunals of Madrid with express waiver of the parties to any other jurisdiction.<\/p>","protected":false},"excerpt":{"rendered":"<p>El presente Aviso Legal regula el acceso, navegaci\u00f3n y uso de la p\u00e1gina web www.experiencefactory.es, en adelante \u201cla Web\u201d, cuya titularidad corresponde a Atr3zzo for Events, S.L. (en adelante, \u201cEXF\u201d), con CIF B87849824, domicilio social en C\/Francisco Gerv\u00e1s 11, 28020 (MADRID), y registrada en C\/Francisco Gerv\u00e1s 11, 28020 (MADRID). Si desea contactar con EXF puede [&hellip;]<\/p>\n","protected":false},"author":1,"featured_media":0,"parent":0,"menu_order":0,"comment_status":"closed","ping_status":"open","template":"","meta":{"_et_pb_use_builder":"off","_et_pb_old_content":"<!-- wp:heading --><h2>Who we are<\/h2><!-- \/wp:heading --><!-- wp:paragraph --><p><strong class=\"privacy-policy-tutorial\">Suggested text: <\/strong>Our website address is: http:\/\/experiencefactory.es.<\/p><!-- \/wp:paragraph --><!-- wp:heading --><h2>Comments<\/h2><!-- \/wp:heading --><!-- wp:paragraph --><p><strong class=\"privacy-policy-tutorial\">Suggested text: <\/strong>When visitors leave comments on the site we collect the data shown in the comments form, and also the visitor&#8217;s IP address and browser user agent string to help spam detection.<\/p><!-- \/wp:paragraph --><!-- wp:paragraph --><p>An anonymized string created from your email address (also called a hash) may be provided to the Gravatar service to see if you are using it. The Gravatar service privacy policy is available here: https:\/\/automattic.com\/privacy\/. After approval of your comment, your profile picture is visible to the public in the context of your comment.<\/p><!-- \/wp:paragraph --><!-- wp:heading --><h2>Media<\/h2><!-- \/wp:heading --><!-- wp:paragraph --><p><strong class=\"privacy-policy-tutorial\">Suggested text: <\/strong>If you upload images to the website, you should avoid uploading images with embedded location data (EXIF GPS) included. Visitors to the website can download and extract any location data from images on the website.<\/p><!-- \/wp:paragraph --><!-- wp:heading --><h2>Cookies<\/h2><!-- \/wp:heading --><!-- wp:paragraph --><p><strong class=\"privacy-policy-tutorial\">Suggested text: <\/strong>If you leave a comment on our site you may opt-in to saving your name, email address and website in cookies. These are for your convenience so that you do not have to fill in your details again when you leave another comment. These cookies will last for one year.<\/p><!-- \/wp:paragraph --><!-- wp:paragraph --><p>If you visit our login page, we will set a temporary cookie to determine if your browser accepts cookies. This cookie contains no personal data and is discarded when you close your browser.<\/p><!-- \/wp:paragraph --><!-- wp:paragraph --><p>When you log in, we will also set up several cookies to save your login information and your screen display choices. Login cookies last for two days, and screen options cookies last for a year. If you select &quot;Remember Me&quot;, your login will persist for two weeks. If you log out of your account, the login cookies will be removed.<\/p><!-- \/wp:paragraph --><!-- wp:paragraph --><p>If you edit or publish an article, an additional cookie will be saved in your browser. This cookie includes no personal data and simply indicates the post ID of the article you just edited. It expires after 1 day.<\/p><!-- \/wp:paragraph --><!-- wp:heading --><h2>Embedded content from other websites<\/h2><!-- \/wp:heading --><!-- wp:paragraph --><p><strong class=\"privacy-policy-tutorial\">Suggested text: <\/strong>Articles on this site may include embedded content (e.g. videos, images, articles, etc.). Embedded content from other websites behaves in the exact same way as if the visitor has visited the other website.<\/p><!-- \/wp:paragraph --><!-- wp:paragraph --><p>These websites may collect data about you, use cookies, embed additional third-party tracking, and monitor your interaction with that embedded content, including tracking your interaction with the embedded content if you have an account and are logged in to that website.<\/p><!-- \/wp:paragraph --><!-- wp:heading --><h2>Who we share your data with<\/h2><!-- \/wp:heading --><!-- wp:paragraph --><p><strong class=\"privacy-policy-tutorial\">Suggested text: <\/strong>If you request a password reset, your IP address will be included in the reset email.<\/p><!-- \/wp:paragraph --><!-- wp:heading --><h2>How long we retain your data<\/h2><!-- \/wp:heading --><!-- wp:paragraph --><p><strong class=\"privacy-policy-tutorial\">Suggested text: <\/strong>If you leave a comment, the comment and its metadata are retained indefinitely. This is so we can recognize and approve any follow-up comments automatically instead of holding them in a moderation queue.<\/p><!-- \/wp:paragraph --><!-- wp:paragraph --><p>For users that register on our website (if any), we also store the personal information they provide in their user profile. All users can see, edit, or delete their personal information at any time (except they cannot change their username). Website administrators can also see and edit that information.<\/p><!-- \/wp:paragraph --><!-- wp:heading --><h2>What rights you have over your data<\/h2><!-- \/wp:heading --><!-- wp:paragraph --><p><strong class=\"privacy-policy-tutorial\">Suggested text: <\/strong>If you have an account on this site, or have left comments, you can request to receive an exported file of the personal data we hold about you, including any data you have provided to us. You can also request that we erase any personal data we hold about you. This does not include any data we are obliged to keep for administrative, legal, or security purposes.<\/p><!-- \/wp:paragraph --><!-- wp:heading --><h2>Where your data is sent<\/h2><!-- \/wp:heading --><!-- wp:paragraph --><p><strong class=\"privacy-policy-tutorial\">Suggested text: <\/strong>Visitor comments may be checked through an automated spam detection service.<\/p><!-- \/wp:paragraph -->","_et_gb_content_width":"1080","inline_featured_image":false,"_joinchat":[],"footnotes":""},"class_list":["post-3","page","type-page","status-publish","hentry"],"jetpack_sharing_enabled":true,"_links":{"self":[{"href":"https:\/\/exf.es\/en\/wp-json\/wp\/v2\/pages\/3","targetHints":{"allow":["GET"]}}],"collection":[{"href":"https:\/\/exf.es\/en\/wp-json\/wp\/v2\/pages"}],"about":[{"href":"https:\/\/exf.es\/en\/wp-json\/wp\/v2\/types\/page"}],"author":[{"embeddable":true,"href":"https:\/\/exf.es\/en\/wp-json\/wp\/v2\/users\/1"}],"replies":[{"embeddable":true,"href":"https:\/\/exf.es\/en\/wp-json\/wp\/v2\/comments?post=3"}],"version-history":[{"count":6,"href":"https:\/\/exf.es\/en\/wp-json\/wp\/v2\/pages\/3\/revisions"}],"predecessor-version":[{"id":690,"href":"https:\/\/exf.es\/en\/wp-json\/wp\/v2\/pages\/3\/revisions\/690"}],"wp:attachment":[{"href":"https:\/\/exf.es\/en\/wp-json\/wp\/v2\/media?parent=3"}],"curies":[{"name":"wp","href":"https:\/\/api.w.org\/{rel}","templated":true}]}}