{"id":343,"date":"2022-08-09T14:35:55","date_gmt":"2022-08-09T12:35:55","guid":{"rendered":"https:\/\/exf.es\/?page_id=343"},"modified":"2022-08-25T17:26:27","modified_gmt":"2022-08-25T15:26:27","slug":"faq","status":"publish","type":"page","link":"https:\/\/exf.es\/en\/faq\/","title":{"rendered":"FAQs"},"content":{"rendered":"<p>[et_pb_section fb_built=\u00bb1&#8243; module_id=\u00bbpreguntas-frecuentes\u00bb _builder_version=\u00bb4.17.6&#8243; _module_preset=\u00bbdefault\u00bb background_color=\u00bbRGBA(255,255,255,0)\u00bb hover_enabled=\u00bb0&#8243; global_colors_info=\u00bb{}\u00bb sticky_enabled=\u00bb0&#8243;][et_pb_row _builder_version=\u00bb4.17.6&#8243; _module_preset=\u00bbdefault\u00bb global_colors_info=\u00bb{}\u00bb][et_pb_column type=\u00bb4_4&#8243; _builder_version=\u00bb4.17.6&#8243; _module_preset=\u00bbdefault\u00bb global_colors_info=\u00bb{}\u00bb][et_pb_text _builder_version=\u00bb4.17.6&#8243; _module_preset=\u00bbdefault\u00bb hover_enabled=\u00bb0&#8243; global_colors_info=\u00bb{}\u00bb sticky_enabled=\u00bb0&#8243;]<\/p>\n<h1 style=\"text-align: center;\">FAQS<\/h1>\n<p>[\/et_pb_text][et_pb_accordion _builder_version=\u00bb4.17.6&#8243; _module_preset=\u00bbdefault\u00bb hover_enabled=\u00bb0&#8243; global_colors_info=\u00bb{}\u00bb sticky_enabled=\u00bb0&#8243; hover_transition_duration=\u00bb0ms\u00bb][et_pb_accordion_item title=\u00bb\u00bfQu\u00e9 es la realidad virtual?\u00bb open=\u00bbon\u00bb _builder_version=\u00bb4.17.6&#8243; _module_preset=\u00bbdefault\u00bb global_colors_info=\u00bb{}\u00bb]<\/p>\n<p>La realidad virtual es un mundo creado artificialmente en el que te encuentras usando un auricular. No hay limitaciones ordinarias en esta realidad. Puedes visitar otra parte del mundo o en otro mundo fant\u00e1stico, sinti\u00e9ndote como si estuvieras all\u00ed. Puedes experimentar esos sentimientos que nunca has experimentado antes. Lo que puede ver, sentir y escuchar en el mundo virtual hoy es solo el comienzo de lo que ser\u00e1 posible ma\u00f1ana.<\/p>\n<p>[\/et_pb_accordion_item][et_pb_accordion_item title=\u00bb\u00bfCu\u00e1ntos jugadores pueden jugar al mismo tiempo?\u00bb _builder_version=\u00bb4.17.6&#8243; _module_preset=\u00bbdefault\u00bb global_colors_info=\u00bb{}\u00bb open=\u00bboff\u00bb]<\/p>\n<p>Todo depende del juego, pero en la mayor\u00eda de los juegos hay un m\u00e1ximo de entre 2 y 6 jugadores que puedan jugar simult\u00e1neamente.<\/p>\n<p>[\/et_pb_accordion_item][et_pb_accordion_item title=\u00bb\u00bfCu\u00e1l deber\u00eda ser el outfit o vestimenta? \u00bb _builder_version=\u00bb4.17.6&#8243; _module_preset=\u00bbdefault\u00bb global_colors_info=\u00bb{}\u00bb open=\u00bboff\u00bb]<\/p>\n<p>Esta es una experiencia activa, as\u00ed que aseg\u00farese de usar ropa c\u00f3moda y calzado adecuado (es decir, sin tacones altos). Tambi\u00e9n recomendamos no usar r\u00edmel, ya que puede manchar el lente y afectar su experiencia.<\/p>\n<p>[\/et_pb_accordion_item][et_pb_accordion_item title=\u00bb\u00bfPuedo llevar mis gafas vr?\u00bb _builder_version=\u00bb4.17.6&#8243; _module_preset=\u00bbdefault\u00bb global_colors_info=\u00bb{}\u00bb open=\u00bboff\u00bb]<\/p>\n<p>Contacta con nosotros para ver si sus gafas encajan con el hardware y software que utilizaremos en su experiencia.<\/p>\n<p>[\/et_pb_accordion_item][et_pb_accordion_item title=\u00bb\u00bfPueden los ni\u00f1os jugar a experiencias VR con sus propios amigos (sin adultos o responsables)?\u00bb _builder_version=\u00bb4.17.6&#8243; _module_preset=\u00bbdefault\u00bb global_colors_info=\u00bb{}\u00bb open=\u00bboff\u00bb]<\/p>\n<p>\u00a1Definitivamente s\u00ed! Es m\u00e1s interesante jugar todos juntos con amigos o con toda la familia. Puedes jugar en equipo o competir entre s\u00ed.<\/p>\n<p>S\u00ed, a partir de 7 a\u00f1os.<\/p>\n<p>[\/et_pb_accordion_item][et_pb_accordion_item title=\u00bb\u00bfQui\u00e9n pone el espacio nosotros o Experience Factory? \u00bb _builder_version=\u00bb4.17.6&#8243; _module_preset=\u00bbdefault\u00bb global_colors_info=\u00bb{}\u00bb open=\u00bboff\u00bb]<\/p>\n<p>\u00a1Lo que prefieran! Actualmente no disponemos de un lugar fijo donde ir a vivir la experiencia ya que estamos viajando la mayor parte del tiempo. Habitualmente es el cliente el que organiza o alquila un espacio acorde a las necesidades de la experiencia, pero tambi\u00e9n podemos buscarlo nosotros.<\/p>\n<p>[\/et_pb_accordion_item][\/et_pb_accordion][\/et_pb_column][\/et_pb_row][\/et_pb_section]<\/p>\n","protected":false},"excerpt":{"rendered":"<p>FAQSLa realidad virtual es un mundo creado artificialmente en el que te encuentras usando un auricular. No hay limitaciones ordinarias en esta realidad. Puedes visitar otra parte del mundo o en otro mundo fant\u00e1stico, sinti\u00e9ndote como si estuvieras all\u00ed. Puedes experimentar esos sentimientos que nunca has experimentado antes. Lo que puede ver, sentir y escuchar [&hellip;]<\/p>\n","protected":false},"author":2,"featured_media":0,"parent":0,"menu_order":0,"comment_status":"closed","ping_status":"closed","template":"","meta":{"_et_pb_use_builder":"on","_et_pb_old_content":"<!-- wp:divi\/placeholder \/-->","_et_gb_content_width":"","inline_featured_image":false,"_joinchat":[],"footnotes":""},"class_list":["post-343","page","type-page","status-publish","hentry"],"jetpack_sharing_enabled":true,"_links":{"self":[{"href":"https:\/\/exf.es\/en\/wp-json\/wp\/v2\/pages\/343","targetHints":{"allow":["GET"]}}],"collection":[{"href":"https:\/\/exf.es\/en\/wp-json\/wp\/v2\/pages"}],"about":[{"href":"https:\/\/exf.es\/en\/wp-json\/wp\/v2\/types\/page"}],"author":[{"embeddable":true,"href":"https:\/\/exf.es\/en\/wp-json\/wp\/v2\/users\/2"}],"replies":[{"embeddable":true,"href":"https:\/\/exf.es\/en\/wp-json\/wp\/v2\/comments?post=343"}],"version-history":[{"count":12,"href":"https:\/\/exf.es\/en\/wp-json\/wp\/v2\/pages\/343\/revisions"}],"predecessor-version":[{"id":475,"href":"https:\/\/exf.es\/en\/wp-json\/wp\/v2\/pages\/343\/revisions\/475"}],"wp:attachment":[{"href":"https:\/\/exf.es\/en\/wp-json\/wp\/v2\/media?parent=343"}],"curies":[{"name":"wp","href":"https:\/\/api.w.org\/{rel}","templated":true}]}}