{"id":443,"date":"2022-08-25T09:38:45","date_gmt":"2022-08-25T07:38:45","guid":{"rendered":"https:\/\/exf.es\/?page_id=443"},"modified":"2022-08-25T09:42:49","modified_gmt":"2022-08-25T07:42:49","slug":"politica-de-privacidad","status":"publish","type":"page","link":"https:\/\/exf.es\/en\/politica-de-privacidad\/","title":{"rendered":"Privacy policy"},"content":{"rendered":"\n<p><strong>Titular:<\/strong> Atr3zzo for Events, S.L. (en adelante \u201cEXF\u201d)<br><strong>Domicilio:<\/strong> Cl. Francisco Gerv\u00e1s 11 28020 Madrid<br><strong>CIF:<\/strong> B87849824<br><strong>Registro:<\/strong> Cl. Francisco Gerv\u00e1s 11 28020 Madrid<br><strong>Web site:<\/strong> www.experiencefactory.es<br><strong>Email de contacto:<\/strong> info@experiencefactory.es<\/p>\n\n\n\n<p>De conformidad con la legislaci\u00f3n de Protecci\u00f3n de Datos de car\u00e1cter personal en vigor, y cualquier otra legislaci\u00f3n relevante y actual aplicable, el usuario queda informado de que los datos personales proporcionados ser\u00e1n tratados por el responsable del tratamiento \u00fanicamente para los fines descritos en el formulario o contrato correspondiente.<\/p>\n\n\n\n<p>El usuario queda asimismo informado de que el hecho de no facilitar los datos que figuran en los formularios existentes en la web supone la imposibilidad de cumplir con la finalidad para la que los datos son recogidos.<\/p>\n\n\n\n<h2 class=\"wp-block-heading\">Contacto<\/h2>\n\n\n\n<p>En el caso en el que Usted haya rellenado el formulario de contacto existente en la web de EXF, le informamos de que, de acuerdo con lo establecido por la legislaci\u00f3n de protecci\u00f3n de datos, los datos de car\u00e1cter personal proporcionados ser\u00e1n tratados para resolver su consulta, ampar\u00e1ndose EXF en su consentimiento al rellenar y enviar el formulario y al marcar la casilla aceptando la presente Pol\u00edtica de Privacidad.<\/p>\n\n\n\n<p>Asimismo, le informamos de que sus datos de car\u00e1cter personal ser\u00e1n tratados durante el tiempo necesario para resolver su consulta, mientras Usted no revoque su consentimiento o ejercite los derechos de oposici\u00f3n o supresi\u00f3n, y sin perjuicio de su conservaci\u00f3n mientras persistan las obligaciones legales aplicables a EXF.<\/p>\n\n\n\n<h2 class=\"wp-block-heading\">Comunicaci\u00f3n de datos a terceros<\/h2>\n\n\n\n<p>Es posible que, para la correcta prestaci\u00f3n de los servicios, EXF deba comunicar determinados datos personales a terceros que le presten servicios, exclusivamente para el correcto funcionamiento de la empresa. En cualquier caso, estas comunicaciones de datos que podr\u00edan realizarse se har\u00e1n como encargo de tratamiento por parte de dichos terceros, lo que implicar\u00e1 el acceso por parte del tercero a la informaci\u00f3n de car\u00e1cter personal.<\/p>\n\n\n\n<p>En este sentido, EXF contar\u00e1 con los correspondientes contratos de encargo de tratamiento con los terceros que traten o accedan a los datos de car\u00e1cter personal de EXF, en cumplimiento de los establecido en la normativa de Protecci\u00f3n de Datos en vigor.<\/p>\n\n\n\n<h2 class=\"wp-block-heading\">Ejercicio de derechos<\/h2>\n\n\n\n<p>Igualmente le informamos de que cuenta con los derechos de acceso, rectificaci\u00f3n, supresi\u00f3n, oposici\u00f3n, limitaci\u00f3n del tratamiento y portabilidad, respecto de sus datos de car\u00e1cter personal, as\u00ed como con la posibilidad de revocar su consentimiento en cualquier momento, pudi\u00e9ndolos ejercitar enviando un correo electr\u00f3nico a info@experiencefactory.es .<br>EXF se compromete a atender las solicitudes que se le env\u00eden, ya sea a trav\u00e9s de correo electr\u00f3nico o a trav\u00e9s de carta. En este sentido, EXF responder\u00e1 en el plazo de un mes a partir de la recepci\u00f3n de la solicitud. No obstante, habr\u00e1 de tenerse en cuenta la posibilidad de pr\u00f3rroga de dos meses atendiendo a la complejidad de la solicitud, as\u00ed como al n\u00famero de solicitudes. Dicha prorroga ser\u00e1 informada en el plazo de un mes desde la recepci\u00f3n de la solicitud.<\/p>\n\n\n\n<p>Finalmente, especialmente cuando Usted no haya obtenido satisfacci\u00f3n en el ejercicio de sus derechos, tiene derecho a presentar reclamaci\u00f3n ante la autoridad nacional de control, a estos efectos debe dirigirse a la Agencia Espa\u00f1ola de Protecci\u00f3n de Datos.<\/p>\n\n\n\n<h2 class=\"wp-block-heading\">Respecto a todos los tratamientos<\/h2>\n\n\n\n<h3 class=\"wp-block-heading\">Comunicaci\u00f3n de datos a terceros<\/h3>\n\n\n\n<p>Es posible que, para la correcta prestaci\u00f3n de los servicios, EXF deba comunicar determinados datos personales a terceros que le presten servicios, exclusivamente para el correcto funcionamiento de la empresa. En cualquier caso, estas comunicaciones de datos que podr\u00edan realizarse se har\u00e1n como encargo de tratamiento por parte de dichos terceros, lo que implicar\u00e1 el acceso por parte del tercero a la informaci\u00f3n de car\u00e1cter personal.<\/p>\n\n\n\n<p>En este sentido, EXF contar\u00e1 con los correspondientes contratos de encargo de tratamiento con los terceros que traten o accedan a los datos de car\u00e1cter personal de EXF, en cumplimiento de los establecido en la normativa de Protecci\u00f3n de Datos en vigor.<\/p>\n\n\n\n<h3 class=\"wp-block-heading\">Ejercicio de derechos<\/h3>\n\n\n\n<p>Igualmente le informamos de que cuenta con los derechos de acceso, rectificaci\u00f3n, supresi\u00f3n, oposici\u00f3n, limitaci\u00f3n del tratamiento y portabilidad, respecto de sus datos de car\u00e1cter personal, as\u00ed como con la posibilidad de revocar su consentimiento en cualquier momento, pudi\u00e9ndolos ejercitar enviando un correo electr\u00f3nico a info@experiencefactory.es.<br>EXF se compromete a atender las solicitudes que se le env\u00eden, ya sea a trav\u00e9s de correo electr\u00f3nico o a trav\u00e9s de carta. En este sentido, EXF responder\u00e1 en el plazo de un mes a partir de la recepci\u00f3n de la solicitud. No obstante, habr\u00e1 de tenerse en cuenta la posibilidad de pr\u00f3rroga de dos meses atendiendo a la complejidad de la solicitud, as\u00ed como al n\u00famero de solicitudes. Dicha prorroga ser\u00e1 informada en el plazo de un mes desde la recepci\u00f3n de la solicitud.<br>Finalmente, especialmente cuando Usted no haya obtenido satisfacci\u00f3n en el ejercicio de sus derechos, tiene derecho a presentar reclamaci\u00f3n ante la autoridad nacional de control, a estos efectos debe dirigirse a la Agencia Espa\u00f1ola de Protecci\u00f3n de Datos.<\/p>\n\n\n\n<h3 class=\"wp-block-heading\">Mantenimiento de los datos<\/h3>\n\n\n\n<p>El interesado se compromete a mantener los datos proporcionados a EXF debidamente actualizados. Cuando los datos facilitados por el interesado sean falsos, incompletos, no actualizados o inexactos, \u00e9ste ser\u00e1 responsable de cualquier perjuicio, directo o indirecto, material o inmaterial, que por causa de ello se pudiera ocasional a un tercero o a EXF. Este \u00faltimo se reserva el derecho a extinguir los servicios proporcionados al interesado, as\u00ed como cualquier relaci\u00f3n, sin perjuicio de las dem\u00e1s acciones que procedan en derecho.<\/p>\n\n\n\n<h2 class=\"wp-block-heading\">Uso de cookies<\/h2>\n\n\n\n<p>Para consultar la Pol\u00edtica de Cookies pinche [<a href=\"https:\/\/exf.es\/politica-de-cookies\/\" data-type=\"page\" data-id=\"446\">aqu\u00ed<\/a>]<\/p>\n\n\n\n<h3 class=\"wp-block-heading\">Seguridad de los datos<\/h3>\n\n\n\n<p>EXF tiene implementados en sus centros de trabajo, locales, sistemas, infraestructuras de comunicaciones, etc., las medidas de t\u00e9cnicas y organizativas apropiadas. Tambi\u00e9n ha adoptado las medidas l\u00f3gicas, f\u00edsicas, organizativas, contractuales, etc., que eviten el acceso de terceros a los datos sin autorizaci\u00f3n, la destrucci\u00f3n, la modificaci\u00f3n, la reproducci\u00f3n, la divulgaci\u00f3n, la transmisi\u00f3n o la reutilizaci\u00f3n de los mismos.<\/p>\n\n\n\n<p>A pesar de ello, siempre que proporcione informaci\u00f3n personal en la red, existe el riesgo de que terceras personas, cuyo control queda fuera de nuestro alcance, puedan interceptar esta informaci\u00f3n y utilizarla. Aunque en EXF nos esforzamos por proteger la informaci\u00f3n personal y su privacidad no podemos garantizar la seguridad de la informaci\u00f3n que revele a trav\u00e9s de la red y bajo su responsabilidad.<\/p>\n\n\n\n<h2 class=\"wp-block-heading\">Vigencia y modificaci\u00f3n de la Pol\u00edtica de Privacidad<\/h2>\n\n\n\n<p>La Pol\u00edtica de Privacidad establecida por EXF est\u00e1 en vigor desde la fecha de su publicaci\u00f3n en la web correspondiente; el usuario puede archivarla y\/o reproducirla.<\/p>\n\n\n\n<p>La presente Pol\u00edtica podr\u00e1 ser modificada por causa de cambios en los requisitos establecidos por la legislaci\u00f3n vigente en cada momento, por decisiones judiciales y cambios jurisprudenciales, as\u00ed como por cambios en la actuaci\u00f3n y estrategia empresarial de EXF. La publicaci\u00f3n y acceso por parte de los usuarios, ser\u00e1 realizada a trav\u00e9s de este mismo sitio, entendi\u00e9ndose que las relaciones establecidas con los mismos con anterioridad al cambio se regir\u00e1n por las normas previstas en el momento en que se accedi\u00f3 al sitio web para su establecimiento.<\/p>\n","protected":false},"excerpt":{"rendered":"<p>Titular: Atr3zzo for Events, S.L. (en adelante \u201cEXF\u201d)Domicilio: Cl. Francisco Gerv\u00e1s 11 28020 MadridCIF: B87849824Registro: Cl. Francisco Gerv\u00e1s 11 28020 MadridWeb site: www.experiencefactory.esEmail de contacto: info@experiencefactory.es De conformidad con la legislaci\u00f3n de Protecci\u00f3n de Datos de car\u00e1cter personal en vigor, y cualquier otra legislaci\u00f3n relevante y actual aplicable, el usuario queda informado de que los [&hellip;]<\/p>\n","protected":false},"author":2,"featured_media":0,"parent":0,"menu_order":0,"comment_status":"closed","ping_status":"closed","template":"","meta":{"_et_pb_use_builder":"off","_et_pb_old_content":"","_et_gb_content_width":"","inline_featured_image":false,"_joinchat":[],"footnotes":""},"class_list":["post-443","page","type-page","status-publish","hentry"],"jetpack_sharing_enabled":true,"_links":{"self":[{"href":"https:\/\/exf.es\/en\/wp-json\/wp\/v2\/pages\/443","targetHints":{"allow":["GET"]}}],"collection":[{"href":"https:\/\/exf.es\/en\/wp-json\/wp\/v2\/pages"}],"about":[{"href":"https:\/\/exf.es\/en\/wp-json\/wp\/v2\/types\/page"}],"author":[{"embeddable":true,"href":"https:\/\/exf.es\/en\/wp-json\/wp\/v2\/users\/2"}],"replies":[{"embeddable":true,"href":"https:\/\/exf.es\/en\/wp-json\/wp\/v2\/comments?post=443"}],"version-history":[{"count":3,"href":"https:\/\/exf.es\/en\/wp-json\/wp\/v2\/pages\/443\/revisions"}],"predecessor-version":[{"id":450,"href":"https:\/\/exf.es\/en\/wp-json\/wp\/v2\/pages\/443\/revisions\/450"}],"wp:attachment":[{"href":"https:\/\/exf.es\/en\/wp-json\/wp\/v2\/media?parent=443"}],"curies":[{"name":"wp","href":"https:\/\/api.w.org\/{rel}","templated":true}]}}