{"id":446,"date":"2022-08-25T09:41:00","date_gmt":"2022-08-25T07:41:00","guid":{"rendered":"https:\/\/exf.es\/?page_id=446"},"modified":"2022-12-12T13:35:31","modified_gmt":"2022-12-12T12:35:31","slug":"politica-de-cookies","status":"publish","type":"page","link":"https:\/\/exf.es\/en\/politica-de-cookies\/","title":{"rendered":"Cookies policy"},"content":{"rendered":"<p><strong>What are cookies?<\/strong><\/p>\n\n\n\n<p>Cookies are files that can be downloaded to your computer through web pages. They are tools that play an essential role in the provision of many services in the information society. Among others, they allow a website to store and retrieve information about the browsing habits of a user or their equipment and, depending on the information obtained, they can be used to recognize the user and improve the service offered.<\/p>\n\n\n\n<p><strong>Cookies used on this website<\/strong><\/p>\n\n\n\n<p>This Web Site uses cookies from third parties with whom we work to provide services through the Web Site.<\/p>\n\n\n\n<p><strong>How to control and delete cookies<\/strong><\/p>\n\n\n\n<p>Most web browsers accept cookies, but you can change your web browser settings to refuse new cookies, disable existing cookies, or let you know when someone sends a new cookie to your device. To change your settings follow the instructions provided by each browser:<\/p>\n\n\n\n<p>Internet Explorer: Tools&gt; Internet Options&gt; Privacy<br>Or do <a href=\"https:\/\/support.microsoft.com\/es-es\/topic\/eliminar-y-administrar-cookies-168dab11-0753-043d-7c16-ede5947fc64d\" target=\"_blank\" rel=\"noreferrer noopener\">click here<\/a>&nbsp;for more information.<\/p>\n\n\n\n<p>Firefox: Tools&gt; Options&gt; Privacy&gt; History&gt; Custom settings.<br>Or do <a href=\"https:\/\/support.mozilla.org\/es\/kb\/impedir-que-los-sitios-web-guarden-sus-preferencia\" target=\"_blank\" rel=\"noreferrer noopener\">click here<\/a>&nbsp;for more information.<\/p>\n\n\n\n<p>Chrome: Settings&gt; Show advanced settings&gt; Privacy&gt; Content settings.<br>Or do <a href=\"https:\/\/support.google.com\/accounts\/answer\/61416?hl=es\" target=\"_blank\" rel=\"noreferrer noopener\">click here<\/a>&nbsp;for more information.<\/p>\n\n\n\n<p>Safari: Preferences&gt; Security.<br>Or do <a href=\"http:\/\/safari.helpmax.net\/es\/privacidad-y-seguridad\/como-gestionar-las-cookies\/\" target=\"_blank\" rel=\"noreferrer noopener\">click here<\/a>&nbsp;for more information.<\/p>\n\n\n\n<p>Opera: Configuration.<br>Or do <a href=\"https:\/\/help.opera.com\/en\/latest\/web-preferences\/#cookies\" target=\"_blank\" rel=\"noreferrer noopener\">click here<\/a>&nbsp;for more information.<\/p>\n\n\n\n<p>Blocking the use of cookies in your browsing may make some services or features of the website unavailable.\"<\/p>\n\n\n\n<p><strong>Acceptance of cookies policy<\/strong><\/p>\n\n\n\n<p>&nbsp;This website assumes that you accept the use of cookies. However, it displays information about its Cookie Policy at the bottom or top of any page of the portal with each login to make you aware of it.<\/p>\n\n\n\n<p>Given this information, it is possible to carry out the following actions:<\/p>\n\n\n\n<p>Accept cookies: This notice will not be displayed again when accessing any page of the portal during the current session.&nbsp;<br>Close: The notice is hidden on this page.&nbsp;<br>Modify your settings: You can learn more about what cookies are, learn about the Cookie Policy on this page and modify your browser settings.&nbsp;<\/p>","protected":false},"excerpt":{"rendered":"<p>\u00bfQu\u00e9 son las cookies? Las cookies son archivos que se pueden descargar en su equipo a trav\u00e9s de las p\u00e1ginas web. Son herramientas que tienen un papel esencial para la prestaci\u00f3n de numerosos servicios de la sociedad de la informaci\u00f3n. Entre otros, permiten a una p\u00e1gina web almacenar y recuperar informaci\u00f3n sobre los h\u00e1bitos de [&hellip;]<\/p>\n","protected":false},"author":2,"featured_media":0,"parent":0,"menu_order":0,"comment_status":"closed","ping_status":"closed","template":"","meta":{"_et_pb_use_builder":"off","_et_pb_old_content":"","_et_gb_content_width":"1080","inline_featured_image":false,"_joinchat":[],"footnotes":""},"class_list":["post-446","page","type-page","status-publish","hentry"],"jetpack_sharing_enabled":true,"_links":{"self":[{"href":"https:\/\/exf.es\/en\/wp-json\/wp\/v2\/pages\/446","targetHints":{"allow":["GET"]}}],"collection":[{"href":"https:\/\/exf.es\/en\/wp-json\/wp\/v2\/pages"}],"about":[{"href":"https:\/\/exf.es\/en\/wp-json\/wp\/v2\/types\/page"}],"author":[{"embeddable":true,"href":"https:\/\/exf.es\/en\/wp-json\/wp\/v2\/users\/2"}],"replies":[{"embeddable":true,"href":"https:\/\/exf.es\/en\/wp-json\/wp\/v2\/comments?post=446"}],"version-history":[{"count":3,"href":"https:\/\/exf.es\/en\/wp-json\/wp\/v2\/pages\/446\/revisions"}],"predecessor-version":[{"id":691,"href":"https:\/\/exf.es\/en\/wp-json\/wp\/v2\/pages\/446\/revisions\/691"}],"wp:attachment":[{"href":"https:\/\/exf.es\/en\/wp-json\/wp\/v2\/media?parent=446"}],"curies":[{"name":"wp","href":"https:\/\/api.w.org\/{rel}","templated":true}]}}